{"id":37,"date":"2021-07-27T19:27:28","date_gmt":"2021-07-27T22:27:28","guid":{"rendered":"http:\/\/hidroalphapiscinas.com.br\/?page_id=37"},"modified":"2025-11-13T10:56:43","modified_gmt":"2025-11-13T13:56:43","slug":"contato","status":"publish","type":"page","link":"http:\/\/hidroalphapiscinas.com.br\/index.php\/contato\/","title":{"rendered":"Contato"},"content":{"rendered":"\n<h3 class=\"wp-block-heading has-text-align-center\">D\u00favidas, informa\u00e7\u00f5es e sugest\u00f5es entre em contato conosco<\/h3>\n\n\n\n<p class=\"has-text-align-center has-medium-font-size\"><strong> Telefone\/ Whats 95053 9637<\/strong><\/p>\n\n\n\n<p class=\"has-text-align-center has-medium-font-size\"><strong>E-mail: hidroalphapiscina@terra.com.br<\/strong><\/p>\n\n\n\n<p class=\"has-text-align-center has-medium-font-size\">Hor\u00e1rio de atendimento: de segunda a sexta- feira das 9:00 \u00e0s 17 horas.<\/p>\n\n\n\n<div style=\"height:100px\" aria-hidden=\"true\" class=\"wp-block-spacer\"><\/div>\n\n\n\n<div class=\"wp-block-contact-form-7-contact-form-selector\"><div role=\"form\" class=\"wpcf7\" id=\"wpcf7-f185-o1\" lang=\"pt-BR\" dir=\"ltr\">\n<div class=\"screen-reader-response\"><p role=\"status\" aria-live=\"polite\" aria-atomic=\"true\"><\/p> <ul><\/ul><\/div>\n<form action=\"\/index.php\/wp-json\/wp\/v2\/pages\/37#wpcf7-f185-o1\" method=\"post\" class=\"wpcf7-form init\" novalidate=\"novalidate\" data-status=\"init\">\n<div style=\"display: none;\">\n<input type=\"hidden\" name=\"_wpcf7\" value=\"185\" \/>\n<input type=\"hidden\" name=\"_wpcf7_version\" value=\"5.5.2\" \/>\n<input type=\"hidden\" name=\"_wpcf7_locale\" value=\"pt_BR\" \/>\n<input type=\"hidden\" name=\"_wpcf7_unit_tag\" value=\"wpcf7-f185-o1\" \/>\n<input type=\"hidden\" name=\"_wpcf7_container_post\" value=\"0\" \/>\n<input type=\"hidden\" name=\"_wpcf7_posted_data_hash\" value=\"\" \/>\n<\/div>\n<p><label> Seu nome<br \/>\n    <span class=\"wpcf7-form-control-wrap your-name\"><input type=\"text\" name=\"your-name\" value=\"\" size=\"40\" class=\"wpcf7-form-control wpcf7-text wpcf7-validates-as-required\" aria-required=\"true\" aria-invalid=\"false\" \/><\/span> <\/label><\/p>\n<p><label> Seu e-mail<br \/>\n    <span class=\"wpcf7-form-control-wrap your-email\"><input type=\"email\" name=\"your-email\" value=\"\" size=\"40\" class=\"wpcf7-form-control wpcf7-text wpcf7-email wpcf7-validates-as-required wpcf7-validates-as-email\" aria-required=\"true\" aria-invalid=\"false\" \/><\/span> <\/label><\/p>\n<p><label> Assunto<br \/>\n    <span class=\"wpcf7-form-control-wrap your-subject\"><input type=\"text\" name=\"your-subject\" value=\"\" size=\"40\" class=\"wpcf7-form-control wpcf7-text wpcf7-validates-as-required\" aria-required=\"true\" aria-invalid=\"false\" \/><\/span> <\/label><\/p>\n<p><label> Sua mensagem (opcional)<br \/>\n    <span class=\"wpcf7-form-control-wrap your-message\"><textarea name=\"your-message\" cols=\"40\" rows=\"10\" class=\"wpcf7-form-control wpcf7-textarea\" aria-invalid=\"false\"><\/textarea><\/span> <\/label><\/p>\n<p><input type=\"submit\" value=\"Enviar\" class=\"wpcf7-form-control has-spinner wpcf7-submit\" \/><\/p>\n<p><span class=\"wpcf7-form-control-wrap checkbox-757\"><span class=\"wpcf7-form-control wpcf7-checkbox wpcf7-validates-as-required\"><span class=\"wpcf7-list-item first last\"><label><input type=\"checkbox\" name=\"checkbox-757[]\" value=\"Concordo em receber informa\u00e7\u00f5es sobre produtos e servi\u00e7os da Hidro Alpha.\" \/><span class=\"wpcf7-list-item-label\">Concordo em receber informa\u00e7\u00f5es sobre produtos e servi\u00e7os da Hidro Alpha.<\/span><\/label><\/span><\/span><\/span><\/p>\n<div class=\"wpcf7-response-output\" aria-hidden=\"true\"><\/div><\/form><\/div><\/div>\n","protected":false},"excerpt":{"rendered":"<p>D\u00favidas, informa\u00e7\u00f5es e sugest\u00f5es entre em contato conosco Telefone\/ Whats 95053 9637 E-mail: hidroalphapiscina@terra.com.br Hor\u00e1rio de atendimento: de segunda a sexta- feira das 9:00 \u00e0s 17 horas.<\/p>\n","protected":false},"author":1,"featured_media":194,"parent":0,"menu_order":0,"comment_status":"closed","ping_status":"closed","template":"","meta":{"footnotes":""},"class_list":["post-37","page","type-page","status-publish","has-post-thumbnail","hentry","grid-sizer"],"_links":{"self":[{"href":"http:\/\/hidroalphapiscinas.com.br\/index.php\/wp-json\/wp\/v2\/pages\/37","targetHints":{"allow":["GET"]}}],"collection":[{"href":"http:\/\/hidroalphapiscinas.com.br\/index.php\/wp-json\/wp\/v2\/pages"}],"about":[{"href":"http:\/\/hidroalphapiscinas.com.br\/index.php\/wp-json\/wp\/v2\/types\/page"}],"author":[{"embeddable":true,"href":"http:\/\/hidroalphapiscinas.com.br\/index.php\/wp-json\/wp\/v2\/users\/1"}],"replies":[{"embeddable":true,"href":"http:\/\/hidroalphapiscinas.com.br\/index.php\/wp-json\/wp\/v2\/comments?post=37"}],"version-history":[{"count":10,"href":"http:\/\/hidroalphapiscinas.com.br\/index.php\/wp-json\/wp\/v2\/pages\/37\/revisions"}],"predecessor-version":[{"id":237,"href":"http:\/\/hidroalphapiscinas.com.br\/index.php\/wp-json\/wp\/v2\/pages\/37\/revisions\/237"}],"wp:featuredmedia":[{"embeddable":true,"href":"http:\/\/hidroalphapiscinas.com.br\/index.php\/wp-json\/wp\/v2\/media\/194"}],"wp:attachment":[{"href":"http:\/\/hidroalphapiscinas.com.br\/index.php\/wp-json\/wp\/v2\/media?parent=37"}],"curies":[{"name":"wp","href":"https:\/\/api.w.org\/{rel}","templated":true}]}}