{"id":81,"date":"2021-08-11T13:47:52","date_gmt":"2021-08-11T16:47:52","guid":{"rendered":"http:\/\/hidroalphapiscinas.com.br\/?page_id=81"},"modified":"2021-11-22T16:47:38","modified_gmt":"2021-11-22T19:47:38","slug":"inicial","status":"publish","type":"page","link":"http:\/\/hidroalphapiscinas.com.br\/","title":{"rendered":"Inicial"},"content":{"rendered":"\n<h1 class=\"has-text-align-center has-vivid-cyan-blue-color has-text-color wp-block-heading\">Bem vindo ao nosso site!<\/h1>\n\n\n\n<h2 class=\"has-text-align-center wp-block-heading\">Somos a Hidro Alpha Piscinas  uma empresa que h\u00e1 32 anos oferece servi\u00e7os de constru\u00e7\u00e3o, manuten\u00e7\u00e3o e venda de produtos para piscinas. <\/h2>\n\n\n\n<p><\/p>\n","protected":false},"excerpt":{"rendered":"<p>Bem vindo ao nosso site! Somos a Hidro Alpha Piscinas uma empresa que h\u00e1 32 anos oferece servi\u00e7os de constru\u00e7\u00e3o, manuten\u00e7\u00e3o e venda de produtos para piscinas.<\/p>\n","protected":false},"author":1,"featured_media":0,"parent":0,"menu_order":0,"comment_status":"closed","ping_status":"closed","template":"","meta":{"footnotes":""},"class_list":["post-81","page","type-page","status-publish","hentry","grid-sizer"],"_links":{"self":[{"href":"http:\/\/hidroalphapiscinas.com.br\/index.php\/wp-json\/wp\/v2\/pages\/81","targetHints":{"allow":["GET"]}}],"collection":[{"href":"http:\/\/hidroalphapiscinas.com.br\/index.php\/wp-json\/wp\/v2\/pages"}],"about":[{"href":"http:\/\/hidroalphapiscinas.com.br\/index.php\/wp-json\/wp\/v2\/types\/page"}],"author":[{"embeddable":true,"href":"http:\/\/hidroalphapiscinas.com.br\/index.php\/wp-json\/wp\/v2\/users\/1"}],"replies":[{"embeddable":true,"href":"http:\/\/hidroalphapiscinas.com.br\/index.php\/wp-json\/wp\/v2\/comments?post=81"}],"version-history":[{"count":3,"href":"http:\/\/hidroalphapiscinas.com.br\/index.php\/wp-json\/wp\/v2\/pages\/81\/revisions"}],"predecessor-version":[{"id":209,"href":"http:\/\/hidroalphapiscinas.com.br\/index.php\/wp-json\/wp\/v2\/pages\/81\/revisions\/209"}],"wp:attachment":[{"href":"http:\/\/hidroalphapiscinas.com.br\/index.php\/wp-json\/wp\/v2\/media?parent=81"}],"curies":[{"name":"wp","href":"https:\/\/api.w.org\/{rel}","templated":true}]}}